{"id":96,"date":"2007-11-01T19:07:21","date_gmt":"2007-11-01T19:07:21","guid":{"rendered":"http:\/\/epre.gov.ar\/web\/?page_id=96"},"modified":"2024-02-02T17:47:06","modified_gmt":"2024-02-02T14:47:06","slug":"obtencion-y-procesamiento-de-la-informacion","status":"publish","type":"page","link":"https:\/\/epre.gov.ar\/web\/obtencion-y-procesamiento-de-la-informacion\/","title":{"rendered":"Obtenci\u00f3n y procesamiento de la informaci\u00f3n"},"content":{"rendered":"<p>LA <strong>DISTRIBUIDORA<\/strong> deber\u00e1 disponer los medidores, equipos de medici\u00f3n y sistemas inform\u00e1ticos que sean requeridos por el ENTE a fin de relevar la informaci\u00f3n para el c\u00e1lculo de los indicadores de calidad descriptos m\u00e1s adelante.<\/p>\n<p>Los procedimientos b\u00e1sicos a seguir ser\u00e1n los siguientes :<\/p>\n<p>* Desarrollo de campa\u00f1as de medici\u00f3n de tensi\u00f3n y relevamiento de las curvas de carga.<br \/>\n* Organizaci\u00f3n de bases de datos con informaci\u00f3n de contingencias.<br \/>\n* Vinculaci\u00f3n de la base de datos de la red y la base de datos de los usuarios con la informaci\u00f3n de facturaci\u00f3n y los resultados de las campa\u00f1as de medici\u00f3n.<br \/>\n* Cualquier otro m\u00e9todo adecuado para el control de la calidad que a juicio del ENTE sea necesario instrumentar.<\/p>\n","protected":false},"excerpt":{"rendered":"<p>LA DISTRIBUIDORA deber\u00e1 disponer los medidores, equipos de medici\u00f3n y sistemas inform\u00e1ticos que sean requeridos por el ENTE a fin de relevar la informaci\u00f3n para el c\u00e1lculo de los indicadores de calidad descriptos m\u00e1s adelante. Los procedimientos b\u00e1sicos a seguir ser\u00e1n los siguientes : * Desarrollo de campa\u00f1as de medici\u00f3n de tensi\u00f3n y relevamiento de [&hellip;]<\/p>\n","protected":false},"author":1,"featured_media":0,"parent":0,"menu_order":0,"comment_status":"closed","ping_status":"closed","template":"","meta":{"footnotes":""},"class_list":["post-96","page","type-page","status-publish","hentry"],"_links":{"self":[{"href":"https:\/\/epre.gov.ar\/web\/wp-json\/wp\/v2\/pages\/96","targetHints":{"allow":["GET"]}}],"collection":[{"href":"https:\/\/epre.gov.ar\/web\/wp-json\/wp\/v2\/pages"}],"about":[{"href":"https:\/\/epre.gov.ar\/web\/wp-json\/wp\/v2\/types\/page"}],"author":[{"embeddable":true,"href":"https:\/\/epre.gov.ar\/web\/wp-json\/wp\/v2\/users\/1"}],"replies":[{"embeddable":true,"href":"https:\/\/epre.gov.ar\/web\/wp-json\/wp\/v2\/comments?post=96"}],"version-history":[{"count":1,"href":"https:\/\/epre.gov.ar\/web\/wp-json\/wp\/v2\/pages\/96\/revisions"}],"predecessor-version":[{"id":156,"href":"https:\/\/epre.gov.ar\/web\/wp-json\/wp\/v2\/pages\/96\/revisions\/156"}],"wp:attachment":[{"href":"https:\/\/epre.gov.ar\/web\/wp-json\/wp\/v2\/media?parent=96"}],"curies":[{"name":"wp","href":"https:\/\/api.w.org\/{rel}","templated":true}]}}