{"id":60,"date":"2014-11-07T12:49:41","date_gmt":"2014-11-07T12:49:41","guid":{"rendered":"http:\/\/epre.gov.ar\/web\/?page_id=60"},"modified":"2025-06-03T10:56:33","modified_gmt":"2025-06-03T13:56:33","slug":"autoridades","status":"publish","type":"page","link":"https:\/\/epre.gov.ar\/web\/sample-page\/autoridades\/","title":{"rendered":"AUTORIDADES"},"content":{"rendered":"<figure>\n<blockquote>\n<p><strong>INTERVENTOR<br \/><\/strong><i>Dr. Marcos G. Rodr\u00edguez Allende<\/i><\/p>\n<\/blockquote>\n<\/figure>\n<p><!-- \/wp:post-content --><\/p>\n<p><!-- wp:pullquote --><\/p>\n<figure>\n<blockquote>\n<p><b>ADMINISTRACI\u00d3N Y FINANZAS<br \/><\/b><i>Cdor. Juan Carlos Fabi\u00e1n Kochendoerfer<\/i><\/p>\n<p><br \/><strong>ATENCI\u00d3N AL USUARIO<br \/><\/strong>\u00a0<i>Dr. Pablo Franco<\/i><\/p>\n<p><br \/><strong>REGULACI\u00d3N Y CONTROL DEL SERVICIO EL\u00c9CTRICO<br \/><\/strong><i>Ing. Javier L. Lischinsky<\/i><\/p>\n<\/blockquote>\n<\/figure>\n<p><!-- \/wp:pullquote --><\/p>","protected":false},"excerpt":{"rendered":"<p>INTERVENTORDr. Marcos G. Rodr\u00edguez Allende ADMINISTRACI\u00d3N Y FINANZASCdor. Juan Carlos Fabi\u00e1n Kochendoerfer ATENCI\u00d3N AL USUARIO\u00a0Dr. Pablo Franco REGULACI\u00d3N Y CONTROL DEL SERVICIO EL\u00c9CTRICOIng. Javier L. Lischinsky<\/p>\n","protected":false},"author":1,"featured_media":0,"parent":2,"menu_order":0,"comment_status":"closed","ping_status":"closed","template":"","meta":{"footnotes":""},"class_list":["post-60","page","type-page","status-publish","hentry"],"_links":{"self":[{"href":"https:\/\/epre.gov.ar\/web\/wp-json\/wp\/v2\/pages\/60","targetHints":{"allow":["GET"]}}],"collection":[{"href":"https:\/\/epre.gov.ar\/web\/wp-json\/wp\/v2\/pages"}],"about":[{"href":"https:\/\/epre.gov.ar\/web\/wp-json\/wp\/v2\/types\/page"}],"author":[{"embeddable":true,"href":"https:\/\/epre.gov.ar\/web\/wp-json\/wp\/v2\/users\/1"}],"replies":[{"embeddable":true,"href":"https:\/\/epre.gov.ar\/web\/wp-json\/wp\/v2\/comments?post=60"}],"version-history":[{"count":49,"href":"https:\/\/epre.gov.ar\/web\/wp-json\/wp\/v2\/pages\/60\/revisions"}],"predecessor-version":[{"id":8104,"href":"https:\/\/epre.gov.ar\/web\/wp-json\/wp\/v2\/pages\/60\/revisions\/8104"}],"up":[{"embeddable":true,"href":"https:\/\/epre.gov.ar\/web\/wp-json\/wp\/v2\/pages\/2"}],"wp:attachment":[{"href":"https:\/\/epre.gov.ar\/web\/wp-json\/wp\/v2\/media?parent=60"}],"curies":[{"name":"wp","href":"https:\/\/api.w.org\/{rel}","templated":true}]}}