{"id":596,"date":"2014-12-09T17:48:39","date_gmt":"2014-12-09T17:48:39","guid":{"rendered":"http:\/\/epre.gov.ar\/web\/?page_id=596"},"modified":"2024-02-08T13:47:16","modified_gmt":"2024-02-08T10:47:16","slug":"audiencias-2","status":"publish","type":"page","link":"https:\/\/epre.gov.ar\/web\/audiencias-2\/","title":{"rendered":"Audiencias"},"content":{"rendered":"\n<table id=\"tablepress-7\" class=\"tablepress tablepress-id-7\">\n<thead>\n<tr class=\"row-1\">\n\t<th class=\"column-1\"><strong>Fecha<\/strong><\/th><th class=\"column-2\"><div style=\"width:65%\"><strong>Motivo<\/strong><\/div><\/th><th class=\"column-3\"><strong>Tipo<\/strong><\/th>\n<\/tr>\n<\/thead>\n<tbody class=\"row-striping row-hover\">\n<tr class=\"row-2\">\n\t<td class=\"column-1\">2016<\/td><td class=\"column-2\"><div><a href=\"http:\/\/epre.gov.ar\/web\/wp-content\/uploads\/2016\/09\/EPRE_audiencia_publica_julio_2016.pdf\">Click AQUI<\/a>, para descargar el archivo completo de la desgrabaci\u00f3n de la Audiencia P\u00fablica, llevada a cabo  el d\u00eda 06 de julio de 2016, en formato PDF<\/div><\/td><td class=\"column-3\">Audiencia p\u00fablica<\/td>\n<\/tr>\n<tr class=\"row-3\">\n\t<td class=\"column-1\">2014<\/td><td class=\"column-2\"><div><a href=\"http:\/\/epre.gov.ar\/web\/wp-content\/uploads\/2015\/01\/anillo_norte_2014.pdf\">Click AQUI<\/a>, para descargar el archivo completo de la desgrabaci\u00f3n de la Audiencia P\u00fablica, llevada a cabo en La Paz el d\u00eda 17 de octubre de 2014, en formato PDF<\/div><\/td><td class=\"column-3\">Audiencia p\u00fablica &#8211; Cierre Norte<\/td>\n<\/tr>\n<tr class=\"row-4\">\n\t<td class=\"column-1\">2014<\/td><td class=\"column-2\"><div><a href=\"http:\/\/epre.gov.ar\/web\/wp-content\/uploads\/2015\/01\/Audiencia_Publica-Concordia_29-Ago-14.pdf\">Click AQUI<\/a>, para descargar el archivo completo de la desgrabaci\u00f3n de la Audiencia P\u00fablica, llevada a cabo en Concordia el d\u00eda 29 de agosto de 2014, en formato PDF<\/div><\/td><td class=\"column-3\">Audiencia p\u00fablica<\/td>\n<\/tr>\n<tr class=\"row-5\">\n\t<td class=\"column-1\">2013<\/td><td class=\"column-2\"><div><a href=\"http:\/\/www.epre.gov.ar\/EPRE_audiencia_publica_septiembre_2013.pdf\">Click AQUI<\/a>, para descargar el archivo completo de la desgrabaci\u00f3n de la Audiencia P\u00fablica, llevada a cabo en Villa Elisa el d\u00eda 24 de Setiembre de 2013, en formato PDF (Requiere Acrobat Reader o similar para visualizarlo correctamente)<\/div><\/td><td class=\"column-3\">Audiencia<\/td>\n<\/tr>\n<tr class=\"row-6\">\n\t<td class=\"column-1\">2011<\/td><td class=\"column-2\"><div><a href=\"http:\/\/www.epre.gov.ar\/TARIFAS%207%20DICIEMBRE%202011%20PARA%20PAG%20WEB.pdf\">Click <\/a><a href=\"http:\/\/www.epre.gov.ar\/TARIFAS%207%20DICIEMBRE%202011%20PARA%20PAG%20WEB.pdf\">AQUI<\/a>, para descargar el archivo completo de la desgrabaci\u00f3n de la Audiencia P\u00fablica llevada a cabo en el Hotel Gran Villaguay de la ciudad hom\u00f3nima el d\u00eda 07 de Diciembre de 2011, en formato PDF (requiere Acrobat Reader \u00f3 similar para visualizarlo correctamente)<\/div><\/td><td class=\"column-3\">Audiencia<\/td>\n<\/tr>\n<tr class=\"row-7\">\n\t<td class=\"column-1\">2010<\/td><td class=\"column-2\"><a href=\"http:\/\/epre.gov.ar\/audiencia_publica_marzo2010.pdf\">Haga click <\/a><a href=\"http:\/\/epre.gov.ar\/audiencia_publica_marzo2010.pdf\">aqu\u00ed<\/a>, para descargar el archivo completo de la desgrabaci\u00f3n de la Audiencia P\u00fablica llevada a cabo en la ciudad de Villaguay, el d\u00eda 12 de Marzo de 2010, en formato PDF (requiere Acrobat Reader \u00f3 similar para visualizarlo correctamente)<\/td><td class=\"column-3\">Audiencia<\/td>\n<\/tr>\n<tr class=\"row-8\">\n\t<td class=\"column-1\">2010<\/td><td class=\"column-2\"><a href=\"http:\/\/www.epre.gob.ar\/mas_informacion_audiencias.php?id_subevento=226&amp;resolucion=1024\">Haga click <\/a><a href=\"http:\/\/www.epre.gov.ar\/DESGRABACION%20AUDIENCIA%20ET%20URUGUAY%20SUR.pdf\">aqu\u00ed<\/a>, para descargar el archivo completo de la desgrabaci\u00f3n de la Audiencia P\u00fablica llevada a cabo en la ciudad de Concepci\u00f3n del Uruguay, Aula Magna de la UTN, el d\u00eda 03 de Diciembre de 2010, en formato PDF (requiere Acrobat Reader \u00f3 similar para visualizarlo correctamente)<\/td><td class=\"column-3\">Audiencia<\/td>\n<\/tr>\n<tr class=\"row-9\">\n\t<td class=\"column-1\">2009<\/td><td class=\"column-2\"><a href=\"http:\/\/www.epre.gov.ar\/desgrabacion_audiencia_190309.pdf\">Haga click aqu\u00ed<\/a>, para descargar el archivo completo de la desgrabaci\u00f3n de la Audiencia P\u00fablica llevada a cabo en Paran\u00e1, en el Centro Cultural \u00abLa Vieja Usina\u00bb, el d\u00eda 19 de Marzo de 2009, en formato PDF (requiere Acrobat Reader \u00f3 similar para visualizarlo correctamente)<br \/>\nSe encuentra disponible la Resoluci\u00f3n N\u00b0 147\/09, referida al Otorgamiento del Certificado de Conveniencia y Necesidad P\u00fablica para la Construcci\u00f3n de la Playa de 132 kV de la  Estaci\u00f3n Transformadora de 500\/132 kV Paran\u00e1 y L\u00edneas de vinculaci\u00f3n con la Red de 132 kV de ENERSA. Haga click <a href=\"http:\/\/www.epre.gov.ar\/otorgando_cer_conveniencia.pdf\">AQUI<\/a>, para acceder al documento en formato pdf (Se requiere Acrobat Reader, o similar)<\/td><td class=\"column-3\"><\/td>\n<\/tr>\n<tr class=\"row-10\">\n\t<td class=\"column-1\">2008<\/td><td class=\"column-2\"><div><a href=\"http:\/\/www.epre.gov.ar\/desgrabacion.pdf\">Haga click aqu\u00ed<\/a> para descargar el archivo completo de la desgrabaci\u00f3n de la Audiencia P\u00fablica, llevada a cabo en Villaguay el d\u00eda 23 de Abril de 2008, en formato PDF (Requiere Acrobat Reader o similar para visualizarlo correctamente)<\/div><\/td><td class=\"column-3\"><\/td>\n<\/tr>\n<tr class=\"row-11\">\n\t<td class=\"column-1\">2008<\/td><td class=\"column-2\"><div><a href=\"http:\/\/www.epre.gov.ar\/desgrabacion_colon.pdf\">Haga click aqu\u00ed<\/a>, para descargar el archivo completo de la desgrabaci\u00f3n de la Audiencia P\u00fablica llevada a cabo en Col\u00f3n, el d\u00eda 27 de Junio de 2008, en formato PDF (requiere Acrobat Reader \u00f3 similar para visualizarlo correctamente)<\/div><\/td><td class=\"column-3\"><\/td>\n<\/tr>\n<tr class=\"row-12\">\n\t<td class=\"column-1\">2016<\/td><td class=\"column-2\"><div><a href=\"http:\/\/epre.gov.ar\/web\/wp-content\/uploads\/2016\/09\/EPRE_audiencia_publica_julio_2016.pdf\">Click AQUI<\/a>, para descargar el archivo completo de la desgrabaci\u00f3n de la Audiencia P\u00fablica, llevada a cabo  el d\u00eda 06 de julio de 2016, en formato PDF<\/div><\/td><td class=\"column-3\">Audiencia p\u00fablica<\/td>\n<\/tr>\n<\/tbody>\n<\/table>\n<!-- #tablepress-7 from cache -->","protected":false},"excerpt":{"rendered":"","protected":false},"author":1,"featured_media":0,"parent":0,"menu_order":0,"comment_status":"closed","ping_status":"closed","template":"","meta":{"footnotes":""},"class_list":["post-596","page","type-page","status-publish","hentry"],"_links":{"self":[{"href":"https:\/\/epre.gov.ar\/web\/wp-json\/wp\/v2\/pages\/596","targetHints":{"allow":["GET"]}}],"collection":[{"href":"https:\/\/epre.gov.ar\/web\/wp-json\/wp\/v2\/pages"}],"about":[{"href":"https:\/\/epre.gov.ar\/web\/wp-json\/wp\/v2\/types\/page"}],"author":[{"embeddable":true,"href":"https:\/\/epre.gov.ar\/web\/wp-json\/wp\/v2\/users\/1"}],"replies":[{"embeddable":true,"href":"https:\/\/epre.gov.ar\/web\/wp-json\/wp\/v2\/comments?post=596"}],"version-history":[{"count":3,"href":"https:\/\/epre.gov.ar\/web\/wp-json\/wp\/v2\/pages\/596\/revisions"}],"predecessor-version":[{"id":6786,"href":"https:\/\/epre.gov.ar\/web\/wp-json\/wp\/v2\/pages\/596\/revisions\/6786"}],"wp:attachment":[{"href":"https:\/\/epre.gov.ar\/web\/wp-json\/wp\/v2\/media?parent=596"}],"curies":[{"name":"wp","href":"https:\/\/api.w.org\/{rel}","templated":true}]}}