{"id":561,"date":"2014-12-08T21:13:42","date_gmt":"2014-12-08T21:13:42","guid":{"rendered":"http:\/\/epre.gov.ar\/web\/?page_id=561"},"modified":"2024-02-02T17:38:37","modified_gmt":"2024-02-02T14:38:37","slug":"area-de-concesion","status":"publish","type":"page","link":"https:\/\/epre.gov.ar\/web\/area-de-concesion\/","title":{"rendered":"\u00c1reas de concesi\u00f3n"},"content":{"rendered":"<p>El mapa de concesiones ha sido dividido para facilitar la descarga del mismo. Si desea descargar el mapa completo en formato KML para Google Earth, <a title=\"\u00c1reas de Concesi\u00f3n\" href=\"http:\/\/www.epre.gob.ar\/coop.kmz\" target=\"_blank\" rel=\"noopener\">haga clic aqu\u00ed<\/a>.<\/p>\n<h1>Costa del Paran\u00e1 1<\/h1>\n<p><iframe loading=\"lazy\" src=\"https:\/\/www.google.com\/maps\/d\/embed?mid=z4faWut1CrFg.k_kn2H-9Bezg\" width=\"640\" height=\"480\"><\/iframe><\/p>\n<h1>Costa del Paran\u00e1 2<\/h1>\n<p><iframe loading=\"lazy\" src=\"https:\/\/www.google.com\/maps\/d\/embed?mid=z4faWut1CrFg.k5-6s_x_l0hY\" width=\"640\" height=\"480\"><\/iframe><\/p>\n<h1>Zona Centro &#8211; Sur<\/h1>\n<p><iframe loading=\"lazy\" src=\"https:\/\/www.google.com\/maps\/d\/embed?mid=z4faWut1CrFg.k2HyqgCWE2uQ\" width=\"640\" height=\"480\"><\/iframe><\/p>\n<h1>Zona Centro &#8211; Norte<\/h1>\n<p><iframe loading=\"lazy\" src=\"https:\/\/www.google.com\/maps\/d\/embed?mid=z4faWut1CrFg.kD5xk_fjUVuo\" width=\"640\" height=\"480\"><\/iframe><\/p>\n<h1>Costa del Uruguay<\/h1>\n<p><iframe loading=\"lazy\" src=\"https:\/\/www.google.com\/maps\/d\/embed?mid=z4faWut1CrFg.kn_NwIgo1yOs\" width=\"640\" height=\"480\"><\/iframe><\/p>\n","protected":false},"excerpt":{"rendered":"<p>El mapa de concesiones ha sido dividido para facilitar la descarga del mismo. Si desea descargar el mapa completo en formato KML para Google Earth, haga clic aqu\u00ed. Costa del Paran\u00e1 1 Costa del Paran\u00e1 2 Zona Centro &#8211; Sur Zona Centro &#8211; Norte Costa del Uruguay<\/p>\n","protected":false},"author":1,"featured_media":0,"parent":0,"menu_order":0,"comment_status":"closed","ping_status":"closed","template":"","meta":{"footnotes":""},"class_list":["post-561","page","type-page","status-publish","hentry"],"_links":{"self":[{"href":"https:\/\/epre.gov.ar\/web\/wp-json\/wp\/v2\/pages\/561","targetHints":{"allow":["GET"]}}],"collection":[{"href":"https:\/\/epre.gov.ar\/web\/wp-json\/wp\/v2\/pages"}],"about":[{"href":"https:\/\/epre.gov.ar\/web\/wp-json\/wp\/v2\/types\/page"}],"author":[{"embeddable":true,"href":"https:\/\/epre.gov.ar\/web\/wp-json\/wp\/v2\/users\/1"}],"replies":[{"embeddable":true,"href":"https:\/\/epre.gov.ar\/web\/wp-json\/wp\/v2\/comments?post=561"}],"version-history":[{"count":30,"href":"https:\/\/epre.gov.ar\/web\/wp-json\/wp\/v2\/pages\/561\/revisions"}],"predecessor-version":[{"id":6746,"href":"https:\/\/epre.gov.ar\/web\/wp-json\/wp\/v2\/pages\/561\/revisions\/6746"}],"wp:attachment":[{"href":"https:\/\/epre.gov.ar\/web\/wp-json\/wp\/v2\/media?parent=561"}],"curies":[{"name":"wp","href":"https:\/\/api.w.org\/{rel}","templated":true}]}}