{"id":34,"date":"2014-10-09T20:57:04","date_gmt":"2014-10-09T20:57:04","guid":{"rendered":"http:\/\/epre.gov.ar\/web\/?page_id=34"},"modified":"2024-02-02T17:44:58","modified_gmt":"2024-02-02T14:44:58","slug":"marco-regulatorio","status":"publish","type":"page","link":"https:\/\/epre.gov.ar\/web\/sample-page\/marco-regulatorio\/","title":{"rendered":"Marco regulatorio"},"content":{"rendered":"<p>El marco legal se compone de diversos instrumentos, entre los m\u00e1s importantes podemos enumerar:<\/p>\n<ul>\n<li>Ley Provincial N\u00b0 8.291 de adhesi\u00f3n a la Ley Nacional N\u00b0 23.696.<\/li>\n<li>Leyes Provinciales N\u00b0 8.915 y 8.965 que declaran sujetas a privatizaci\u00f3n las actividades a cargo de la Empresa Provincial de la Energ\u00eda de Entre R\u00edos.<\/li>\n<li><a href=\"https:\/\/epre.gov.ar\/web\/wp-content\/uploads\/2022\/04\/Ley-No-8916-95-con-las-modificaciones-leyes-9289-9591-10153-y-10933-1.pdf\" target=\"_blank\" rel=\"noopener\">Ley Provincial N\u00b0 8.916<\/a>, Marco Regulatorio El\u00e9ctrico Provincial (en formato .pdf)<\/li>\n<li><a href=\"http:\/\/www.epre.gov.ar\/Dcto_1300.pdf\">Decreto N\u00b0 1.300<\/a>, reglamentario de la Ley Provincial N\u00b0 8.916. (en formato .pdf)<\/li>\n<li>Ley Nacional N\u00ba 24.065<\/li>\n<\/ul>\n","protected":false},"excerpt":{"rendered":"<p>El marco legal se compone de diversos instrumentos, entre los m\u00e1s importantes podemos enumerar: Ley Provincial N\u00b0 8.291 de adhesi\u00f3n a la Ley Nacional N\u00b0 23.696. Leyes Provinciales N\u00b0 8.915 y 8.965 que declaran sujetas a privatizaci\u00f3n las actividades a cargo de la Empresa Provincial de la Energ\u00eda de Entre R\u00edos. Ley Provincial N\u00b0 8.916, [&hellip;]<\/p>\n","protected":false},"author":1,"featured_media":0,"parent":2,"menu_order":0,"comment_status":"closed","ping_status":"closed","template":"","meta":{"footnotes":""},"class_list":["post-34","page","type-page","status-publish","hentry"],"_links":{"self":[{"href":"https:\/\/epre.gov.ar\/web\/wp-json\/wp\/v2\/pages\/34","targetHints":{"allow":["GET"]}}],"collection":[{"href":"https:\/\/epre.gov.ar\/web\/wp-json\/wp\/v2\/pages"}],"about":[{"href":"https:\/\/epre.gov.ar\/web\/wp-json\/wp\/v2\/types\/page"}],"author":[{"embeddable":true,"href":"https:\/\/epre.gov.ar\/web\/wp-json\/wp\/v2\/users\/1"}],"replies":[{"embeddable":true,"href":"https:\/\/epre.gov.ar\/web\/wp-json\/wp\/v2\/comments?post=34"}],"version-history":[{"count":4,"href":"https:\/\/epre.gov.ar\/web\/wp-json\/wp\/v2\/pages\/34\/revisions"}],"predecessor-version":[{"id":4944,"href":"https:\/\/epre.gov.ar\/web\/wp-json\/wp\/v2\/pages\/34\/revisions\/4944"}],"up":[{"embeddable":true,"href":"https:\/\/epre.gov.ar\/web\/wp-json\/wp\/v2\/pages\/2"}],"wp:attachment":[{"href":"https:\/\/epre.gov.ar\/web\/wp-json\/wp\/v2\/media?parent=34"}],"curies":[{"name":"wp","href":"https:\/\/api.w.org\/{rel}","templated":true}]}}