{"id":2099,"date":"2015-12-24T18:07:11","date_gmt":"2015-12-24T18:07:11","guid":{"rendered":"http:\/\/epre.gov.ar\/web\/?page_id=2099"},"modified":"2025-01-23T16:47:58","modified_gmt":"2025-01-23T13:47:58","slug":"delegaciones","status":"publish","type":"page","link":"https:\/\/epre.gov.ar\/web\/sample-page\/delegaciones\/","title":{"rendered":"Delegaciones"},"content":{"rendered":"<h2>Delegaci\u00f3n EPRE Concordia<\/h2>\n<ul>\n<li>Gerardo Yoya 74 o Terminal de \u00d3mnibus de Concordia &#8211; Oficinas N\u00b0 15 y 16 &#8211;<\/li>\n<li>L\u00ednea Gratuita: 0800-777-6000<\/li>\n<li>Horario de atenci\u00f3n al p\u00fablico: 08:00 a 12:00 y 15:00 a 18:00<\/li>\n<\/ul>\n<h2>Delegaci\u00f3n EPRE Concepci\u00f3n del Uruguay<\/h2>\n<ul>\n<li>Artusi 40<\/li>\n<li>L\u00ednea Gratuita: 0800-777-6000<\/li>\n<li>Horario de atenci\u00f3n al p\u00fablico: 07:00 a 14:00<\/li>\n<\/ul>\n","protected":false},"excerpt":{"rendered":"<p>Delegaci\u00f3n EPRE Concordia Gerardo Yoya 74 o Terminal de \u00d3mnibus de Concordia &#8211; Oficinas N\u00b0 15 y 16 &#8211; L\u00ednea Gratuita: 0800-777-6000 Horario de atenci\u00f3n al p\u00fablico: 08:00 a 12:00 y 15:00 a 18:00 Delegaci\u00f3n EPRE Concepci\u00f3n del Uruguay Artusi 40 L\u00ednea Gratuita: 0800-777-6000 Horario de atenci\u00f3n al p\u00fablico: 07:00 a 14:00<\/p>\n","protected":false},"author":1,"featured_media":0,"parent":2,"menu_order":0,"comment_status":"closed","ping_status":"closed","template":"","meta":{"footnotes":""},"class_list":["post-2099","page","type-page","status-publish","hentry"],"_links":{"self":[{"href":"https:\/\/epre.gov.ar\/web\/wp-json\/wp\/v2\/pages\/2099","targetHints":{"allow":["GET"]}}],"collection":[{"href":"https:\/\/epre.gov.ar\/web\/wp-json\/wp\/v2\/pages"}],"about":[{"href":"https:\/\/epre.gov.ar\/web\/wp-json\/wp\/v2\/types\/page"}],"author":[{"embeddable":true,"href":"https:\/\/epre.gov.ar\/web\/wp-json\/wp\/v2\/users\/1"}],"replies":[{"embeddable":true,"href":"https:\/\/epre.gov.ar\/web\/wp-json\/wp\/v2\/comments?post=2099"}],"version-history":[{"count":10,"href":"https:\/\/epre.gov.ar\/web\/wp-json\/wp\/v2\/pages\/2099\/revisions"}],"predecessor-version":[{"id":7923,"href":"https:\/\/epre.gov.ar\/web\/wp-json\/wp\/v2\/pages\/2099\/revisions\/7923"}],"up":[{"embeddable":true,"href":"https:\/\/epre.gov.ar\/web\/wp-json\/wp\/v2\/pages\/2"}],"wp:attachment":[{"href":"https:\/\/epre.gov.ar\/web\/wp-json\/wp\/v2\/media?parent=2099"}],"curies":[{"name":"wp","href":"https:\/\/api.w.org\/{rel}","templated":true}]}}